{"id":657,"date":"2025-10-04T06:26:25","date_gmt":"2025-10-04T06:26:25","guid":{"rendered":"https:\/\/locawork.ee\/?page_id=657"},"modified":"2025-12-28T21:28:25","modified_gmt":"2025-12-28T21:28:25","slug":"live","status":"publish","type":"page","link":"https:\/\/locawork.ee\/et\/live\/","title":{"rendered":"Laiv"},"content":{"rendered":"<div data-elementor-type=\"wp-page\" data-elementor-id=\"657\" class=\"elementor elementor-657\">\n\t\t\t\t<div class=\"elementor-element elementor-element-319528ff e-flex e-con-boxed e-con e-parent\" data-id=\"319528ff\" data-element_type=\"container\">\n\t\t\t\t\t<div class=\"e-con-inner\">\n\t\t\t\t<div class=\"elementor-element elementor-element-47af56a5 elementor-widget elementor-widget-text-editor\" data-id=\"47af56a5\" data-element_type=\"widget\" data-widget_type=\"text-editor.default\">\n\t\t\t\t\t\t\t\t\t<div class=\"brz-root__container brz-reset-all brz brz-root__container-page\"><section id=\"d793f653da146ec2170b_oG02nF4O3Gku\" class=\"brz-section brz-css-1h0221a brz-css-1yqv45a\"><div class=\"brz-section__content brz-section--boxed brz-css-1vjmow brz-css-107tlbr\" data-brz-custom-id=\"fgyjntdHw87_\"><div class=\"brz-bg\"><div class=\"brz-bg-color\">\u00a0<\/div><\/div><div class=\"brz-container brz-css-12hhwnd brz-css-1o6ew4\"><div id=\"\" class=\"brz-css-6hlwgw brz-css-qdfeln brz-wrapper\"><div class=\"brz-rich-text brz-rich-text__custom brz-css-1ami6dm brz-css-12vgxdw\" data-brz-custom-id=\"csB22RmdF_eo\"><div data-brz-translate-text=\"1\"><p class=\"brz-fsft-lg-0 brz-fwdth-lg-100 brz-vfw-lg-400 brz-lh-lg-1_6 brz-ls-lg-0 brz-fw-lg-400 brz-fss-lg-px brz-fs-lg-50 brz-ft-google brz-ff-nova_square brz-tp-lg-empty brz-css-b0Fd0\" data-uniq-id=\"lwssy\" data-generated-css=\"brz-css-zZEOo\"><span style=\"color: #ffffff;\">Locawork live asukohad<\/span><\/p><p class=\"brz-tp-lg-empty brz-ff-nova_square brz-ft-google brz-fs-lg-18 brz-fss-lg-px brz-fw-lg-400 brz-ls-lg-0 brz-lh-lg-1_6 brz-vfw-lg-400 brz-fwdth-lg-100 brz-fsft-lg-0 brz-css-t_Ceu\" data-uniq-id=\"xHXHJ\" data-generated-css=\"brz-css-piNgo\"><span style=\"color: #ffffff;\">K\u00f5ik ettev\u00f5tted saavad avaldamist taotleda. Iga\u00fcks peab taotluse eraldi vastu v\u00f5tma.<\/span><\/p><\/div><\/div><\/div><\/div><\/div><\/section><section id=\"18f1d6e75be3e3021bd2_pemg1Z4uHuY6\" class=\"brz-section brz-css-1h0221a brz-css-1125em8\"><div class=\"brz-section__content brz-section--boxed brz-css-1vjmow brz-css-1mbfrjy\" data-brz-custom-id=\"akiDn4UQPLQX\"><div class=\"brz-container brz-css-12hhwnd brz-css-1yj0s2m\">\u00a0<\/div><\/div><\/section><section id=\"2f32ad62c906d38b5379_jvr8X4V2QRlP\" class=\"brz-section brz-css-1h0221a brz-css-18ziwng\"><div class=\"brz-section__content brz-section--boxed brz-css-1vjmow brz-css-j03s7l\" data-brz-custom-id=\"nqExIDo7rOQI\"><div class=\"brz-container brz-css-12hhwnd brz-css-8ub9ta\"><div id=\"\" class=\"brz-css-6hlwgw brz-css-99pki2 brz-wrapper\"><div class=\"brz-wp-shortcode brz-css-1q8vdu3 brz-css-5t739b\" data-brz-custom-id=\"xxEw_ZUVX3Tx\"><div>\n<script><\/script>\n    <div id=\"rtgm-container\">\n                    <div id=\"rtgm-login-overlay\" style=\"                position:fixed;                top:0;                left:0;                width:100%;                height:100%;                background:rgba(0,0,0,0.6);                display:flex;                align-items:center;                justify-content:center;                z-index:9999;            \">\n                <div id=\"rtgm-login-box\" style=\"                    position:relative;                    background:#1595eb;                    padding:30px;                    border-radius:10px;                    width:90%;                    max-width:400px;                \">\n                    <!-- Close button -->\n                <span id=\"rtgm-login-close\" style=\"                    position:absolute;                    top:10px;                    right:15px;                    font-size:22px;                    cursor:pointer;                    color:white;                    font-weight:bold;                \">\u2716<\/span>\n\n                    <h2 style=\"margin-top:0; color:white!important;\">Login to Access Map<\/h2>\n\n                    <form id=\"rtgm-login-form\" action=\"\">\n                        <label style=\"color:white;\">Email:<\/label><br>\n                        <input type=\"email\" id=\"rtgm-email\" required style=\"                            width:100%;                            padding:15px;                            margin-bottom:10px;                            border-radius:15px;                            background-color:#2e2e2e;                            color:white;                            border:none;                        \"><br>\n\n                        <label style=\"color:white;\">Password:<\/label><br>\n                        <input type=\"password\" id=\"rtgm-password\" required style=\"                            width:100%;                            padding:15px;                            margin-bottom:10px;                            background-color:#2e2e2e;                            border-radius:15px;                            color:white;                            border:none;                        \"><br>\n\n                        <button type=\"submit\" style=\"                            width:100%;                            padding:30px;                            background:black;                            color:white!important;                            border:none;                            border-radius:15px;                            cursor:pointer;                        \">Login<\/button>\n                    <input type=\"hidden\" name=\"trp-form-language\" value=\"et\"\/><\/form>\n\n                    <div id=\"rtgm-login-message\" style=\"margin-top:10px;color:red;\"><\/div>\n                <\/div>\n            <\/div>\n            <script>\n            document.getElementById('rtgm-login-close').addEventListener('click', function () {\n                if (document.referrer && document.referrer !== window.location.href) {\n                    window.location.href = document.referrer;\n                } else if (window.history.length > 1) {\n                    window.history.back();\n                } else {\n                    window.location.href = 'https:\/\/www.locawork.ee';\n                }\n            });\n\n            \/\/ Optional: clicking outside closes & redirects too\n            document.getElementById('rtgm-login-overlay').addEventListener('click', function(e){\n                if(e.target === this){\n                    if (document.referrer && document.referrer !== window.location.href) {\n                        window.location.href = document.referrer;\n                    } else if (window.history.length > 1) {\n                        window.history.back();\n                    } else {\n                        window.location.href = 'https:\/\/www.locawork.ee';\n                    }\n                }\n            });\n            <\/script>\n\n\n\n            <\/div>\n\n    <script>\n    jQuery(document).ready(function($){\n        $('#rtgm-login-form').on('submit', function(e){\n            e.preventDefault();\n            $('#rtgm-login-message').text('Logging in...');\n            $.ajax({\n                url: rtgm_ajax.ajax_url,\n                type: 'POST',\n                data: {\n                    action: 'rtgm_login',\n                    email: $('#rtgm-email').val(),\n                    password: $('#rtgm-password').val()\n                },\n                success: function(res){\n                    if(res.success){ location.reload(); }\n                    else { $('#rtgm-login-message').text(res.data.message || 'Login failed'); }\n                },\n                error: function(){ $('#rtgm-login-message').text('Server error'); }\n            });\n        });\n\n        $('#rtgm-logout-btn').on('click', function(){\n            $.post(rtgm_ajax.ajax_url, {action:'rtgm_logout'}, function(){ location.reload(); });\n        });\n    });\n    <\/script>\n    <\/div><\/div><\/div><\/div><\/div><\/section><section id=\"30e051cc7686dfceba62_d69BABMz2ttl\" class=\"brz-section brz-css-1h0221a brz-css-uyys2b\"><div class=\"brz-section__content brz-section--boxed brz-css-1vjmow brz-css-1l3pppm\" data-brz-custom-id=\"olluwJ97idvN\"><div class=\"brz-bg\">\u00a0<\/div><div class=\"brz-container brz-css-12hhwnd brz-css-1xunqxy\"><div id=\"\" class=\"brz-css-6hlwgw brz-css-wa4ppq brz-wrapper\"><div class=\"brz-rich-text brz-rich-text__custom brz-css-1ami6dm brz-css-liu737\" data-brz-custom-id=\"pYzv2rWUcPi7\"><div data-brz-translate-text=\"1\"><p class=\"brz-tp-lg-paragraph brz-text-lg-center brz-css-dkOyd\" data-generated-css=\"brz-css-xBQQG\" data-uniq-id=\"y4AEp\">\u00a0<\/p><\/div><\/div><\/div><\/div><\/div><\/section><\/div><p><!-- version:1759670450 --><\/p>\t\t\t\t\t\t\t\t<\/div>\n\t\t\t\t\t<\/div>\n\t\t\t\t<\/div>\n\t\t\t\t<\/div>","protected":false},"excerpt":{"rendered":"<p>\u00a0 Locawork live locations All companies can request to go live. Each indivisual must accept separeately the request \u00a0 \u00a0 [&hellip;]<\/p>","protected":false},"author":1,"featured_media":0,"parent":0,"menu_order":0,"comment_status":"closed","ping_status":"closed","template":"","meta":{"site-sidebar-layout":"default","site-content-layout":"","ast-site-content-layout":"default","site-content-style":"default","site-sidebar-style":"default","ast-global-header-display":"","ast-banner-title-visibility":"","ast-main-header-display":"","ast-hfb-above-header-display":"","ast-hfb-below-header-display":"","ast-hfb-mobile-header-display":"","site-post-title":"","ast-breadcrumbs-content":"","ast-featured-img":"","footer-sml-layout":"","ast-disable-related-posts":"","theme-transparent-header-meta":"default","adv-header-id-meta":"","stick-header-meta":"","header-above-stick-meta":"","header-main-stick-meta":"","header-below-stick-meta":"","astra-migrate-meta-layouts":"set","ast-page-background-enabled":"default","ast-page-background-meta":{"desktop":{"background-color":"var(--ast-global-color-5)","background-image":"","background-repeat":"repeat","background-position":"center center","background-size":"auto","background-attachment":"scroll","background-type":"","background-media":"","overlay-type":"","overlay-color":"","overlay-opacity":"","overlay-gradient":""},"tablet":{"background-color":"","background-image":"","background-repeat":"repeat","background-position":"center center","background-size":"auto","background-attachment":"scroll","background-type":"","background-media":"","overlay-type":"","overlay-color":"","overlay-opacity":"","overlay-gradient":""},"mobile":{"background-color":"","background-image":"","background-repeat":"repeat","background-position":"center center","background-size":"auto","background-attachment":"scroll","background-type":"","background-media":"","overlay-type":"","overlay-color":"","overlay-opacity":"","overlay-gradient":""}},"ast-content-background-meta":{"desktop":{"background-color":"var(--ast-global-color-4)","background-image":"","background-repeat":"repeat","background-position":"center center","background-size":"auto","background-attachment":"scroll","background-type":"","background-media":"","overlay-type":"","overlay-color":"","overlay-opacity":"","overlay-gradient":""},"tablet":{"background-color":"var(--ast-global-color-4)","background-image":"","background-repeat":"repeat","background-position":"center center","background-size":"auto","background-attachment":"scroll","background-type":"","background-media":"","overlay-type":"","overlay-color":"","overlay-opacity":"","overlay-gradient":""},"mobile":{"background-color":"var(--ast-global-color-4)","background-image":"","background-repeat":"repeat","background-position":"center center","background-size":"auto","background-attachment":"scroll","background-type":"","background-media":"","overlay-type":"","overlay-color":"","overlay-opacity":"","overlay-gradient":""}},"footnotes":""},"class_list":["post-657","page","type-page","status-publish","hentry"],"_links":{"self":[{"href":"https:\/\/locawork.ee\/et\/wp-json\/wp\/v2\/pages\/657","targetHints":{"allow":["GET"]}}],"collection":[{"href":"https:\/\/locawork.ee\/et\/wp-json\/wp\/v2\/pages"}],"about":[{"href":"https:\/\/locawork.ee\/et\/wp-json\/wp\/v2\/types\/page"}],"author":[{"embeddable":true,"href":"https:\/\/locawork.ee\/et\/wp-json\/wp\/v2\/users\/1"}],"replies":[{"embeddable":true,"href":"https:\/\/locawork.ee\/et\/wp-json\/wp\/v2\/comments?post=657"}],"version-history":[{"count":5,"href":"https:\/\/locawork.ee\/et\/wp-json\/wp\/v2\/pages\/657\/revisions"}],"predecessor-version":[{"id":1097,"href":"https:\/\/locawork.ee\/et\/wp-json\/wp\/v2\/pages\/657\/revisions\/1097"}],"wp:attachment":[{"href":"https:\/\/locawork.ee\/et\/wp-json\/wp\/v2\/media?parent=657"}],"curies":[{"name":"wp","href":"https:\/\/api.w.org\/{rel}","templated":true}]}}