{"id":3,"date":"2025-05-23T17:31:58","date_gmt":"2025-05-23T17:31:58","guid":{"rendered":"https:\/\/locawork.ee\/?page_id=3"},"modified":"2026-01-06T21:27:21","modified_gmt":"2026-01-06T21:27:21","slug":"privacy-policy","status":"publish","type":"page","link":"https:\/\/locawork.ee\/et\/privacy-policy\/","title":{"rendered":"Privaatsuspoliitika"},"content":{"rendered":"<div data-elementor-type=\"wp-page\" data-elementor-id=\"3\" class=\"elementor elementor-3\">\n\t\t\t\t<div class=\"elementor-element elementor-element-252fda7 e-flex e-con-boxed e-con e-parent\" data-id=\"252fda7\" data-element_type=\"container\">\n\t\t\t\t\t<div class=\"e-con-inner\">\n\t\t\t\t<div class=\"elementor-element elementor-element-a89ab11 elementor-widget elementor-widget-text-editor\" data-id=\"a89ab11\" data-element_type=\"widget\" data-widget_type=\"text-editor.default\">\n\t\t\t\t\t\t\t\t\t<h1 data-start=\"268\" data-end=\"312\">Privacy Policy (GDPR Compliant) \u2013 Locawork<\/h1>\n<p data-start=\"314\" data-end=\"345\"><strong data-start=\"314\" data-end=\"331\">Viimati uuendatud:<\/strong> 03. janaury 2026<\/p>\n<p data-start=\"347\" data-end=\"590\">Locawork (\u201emeie\u201c, \u201emeid\u201c, \u201eme\u201c) haldab Locaworki mobiilirakendust ja sellega seotud teenuseid (\u201eteenus\u201c). Oleme p\u00fchendunud teie isikuandmete kaitsmisele ja isikuandmete kaitse \u00fcldm\u00e4\u00e4ruse (edaspidi \u201eteenus\u201c) j\u00e4rgimisele. <strong data-start=\"528\" data-end=\"589\">General Data Protection Regulation (EU) 2016\/679 (\u201cGDPR\u201d)<\/strong>.<\/p>\n<hr data-start=\"592\" data-end=\"595\">\n<h2 data-start=\"597\" data-end=\"618\">1. Andmet\u00f6\u00f6tleja<\/h2>\n<p data-start=\"620\" data-end=\"678\">Teie isikuandmete eest vastutav andmet\u00f6\u00f6tleja on:<\/p>\n<p data-start=\"680\" data-end=\"780\"><strong data-start=\"680\" data-end=\"697\">Ettev\u00f5tte nimi:<\/strong> Locawork<br data-start=\"706\" data-end=\"709\"><strong data-start=\"709\" data-end=\"719\">E-post:<\/strong> info@locawork.ee<br data-start=\"736\" data-end=\"739\"><strong data-start=\"739\" data-end=\"763\">Registered location:<\/strong> European Union<\/p>\n<p data-start=\"782\" data-end=\"889\">If required by law, a Data Protection Officer (DPO) will be appointed and contact details will be provided.<\/p>\n<hr data-start=\"891\" data-end=\"894\">\n<h2 data-start=\"896\" data-end=\"926\">2. Meie kogutavad isikuandmed<\/h2>\n<p data-start=\"928\" data-end=\"981\">T\u00f6\u00f6tleme j\u00e4rgmisi isikuandmete kategooriaid:<\/p>\n<h3 data-start=\"983\" data-end=\"1016\">2.1 Identiteedi- ja kontaktandmed<\/h3>\n<ul data-start=\"1017\" data-end=\"1145\">\n<li data-start=\"1017\" data-end=\"1037\">\n<p data-start=\"1019\" data-end=\"1037\">Ees- ja perekonnanimi<\/p>\n<\/li>\n<li data-start=\"1038\" data-end=\"1055\">\n<p data-start=\"1040\" data-end=\"1055\">E-posti aadress<\/p>\n<\/li>\n<li data-start=\"1056\" data-end=\"1072\">\n<p data-start=\"1058\" data-end=\"1072\">Telefoninumber<\/p>\n<\/li>\n<li data-start=\"1073\" data-end=\"1109\">\n<p data-start=\"1075\" data-end=\"1109\">Kasutajanimi ja konto andmed<\/p>\n<\/li>\n<li data-start=\"1110\" data-end=\"1145\">\n<p data-start=\"1112\" data-end=\"1145\">Ettev\u00f5te v\u00f5i t\u00f6\u00f6andjate \u00fching<\/p>\n<\/li>\n<\/ul>\n<h3 data-start=\"1147\" data-end=\"1168\">2.2 Asukohaandmed<\/h3>\n<ul data-start=\"1169\" data-end=\"1254\">\n<li data-start=\"1169\" data-end=\"1217\">\n<p data-start=\"1171\" data-end=\"1217\">Reaalajas v\u00f5i ligikaudne geograafiline asukoht<\/p>\n<\/li>\n<li data-start=\"1218\" data-end=\"1254\">\n<p data-start=\"1220\" data-end=\"1254\">Kohaletoimetamise algus- ja l\u00f5pp-punktid<\/p>\n<\/li>\n<\/ul>\n<p data-start=\"1256\" data-end=\"1383\">Asukohaandmeid t\u00f6\u00f6deldakse <strong data-start=\"1283\" data-end=\"1306\">ainult vajadusel<\/strong> t\u00f6\u00f6\u00fclesannete ja teenuste funktsionaalsuse jaoks ning <strong data-start=\"1356\" data-end=\"1382\">only with your consent<\/strong>.<\/p>\n<h3 data-start=\"1385\" data-end=\"1417\">2.3 Tehnilised ja kasutusandmed<\/h3>\n<ul data-start=\"1418\" data-end=\"1516\">\n<li data-start=\"1418\" data-end=\"1432\">\n<p data-start=\"1420\" data-end=\"1432\">IP-aadress<\/p>\n<\/li>\n<li data-start=\"1433\" data-end=\"1460\">\n<p data-start=\"1435\" data-end=\"1460\">Seadme t\u00fc\u00fcp, operatsioonis\u00fcsteemi versioon<\/p>\n<\/li>\n<li data-start=\"1461\" data-end=\"1485\">\n<p data-start=\"1463\" data-end=\"1485\">Rakenduse interaktsiooniandmed<\/p>\n<\/li>\n<li data-start=\"1486\" data-end=\"1516\">\n<p data-start=\"1488\" data-end=\"1516\">Vealogid ja diagnostika<\/p>\n<\/li>\n<\/ul>\n<hr data-start=\"1518\" data-end=\"1521\">\n<h2 data-start=\"1523\" data-end=\"1556\">3. T\u00f6\u00f6tlemise \u00f5iguslik alus<\/h2>\n<p data-start=\"1558\" data-end=\"1633\">Isikuandmete kaitse \u00fcldm\u00e4\u00e4ruse (GDPR) kohaselt t\u00f6\u00f6tleme isikuandmeid j\u00e4rgmistel \u00f5iguslikel alustel:<\/p>\n<ul data-start=\"1635\" data-end=\"1926\">\n<li data-start=\"1635\" data-end=\"1709\">\n<p data-start=\"1637\" data-end=\"1709\"><strong data-start=\"1637\" data-end=\"1662\">Lepinguline vajadus<\/strong> \u2013 to provide and manage the Locawork service<\/p>\n<\/li>\n<li data-start=\"1710\" data-end=\"1783\">\n<p data-start=\"1712\" data-end=\"1783\"><strong data-start=\"1712\" data-end=\"1723\">N\u00f5usolek<\/strong> \u2013 for location data, notifications, and optional features<\/p>\n<\/li>\n<li data-start=\"1784\" data-end=\"1868\">\n<p data-start=\"1786\" data-end=\"1868\"><strong data-start=\"1786\" data-end=\"1810\">\u00d5igustatud huvid<\/strong> \u2013 turvalisuse, j\u00f5udluse ja teenuse kvaliteedi parandamiseks<\/p>\n<\/li>\n<li data-start=\"1869\" data-end=\"1926\">\n<p data-start=\"1871\" data-end=\"1926\"><strong data-start=\"1871\" data-end=\"1891\">\u00d5iguslik kohustus<\/strong> \u2013 kehtivate seaduste j\u00e4rgimiseks<\/p>\n<\/li>\n<\/ul>\n<p data-start=\"1928\" data-end=\"2006\">N\u00f5usoleku v\u00f5ite igal ajal tagasi v\u00f5tta rakenduse seadete kaudu v\u00f5i meiega \u00fchendust v\u00f5ttes.<\/p>\n<hr data-start=\"2008\" data-end=\"2011\">\n<h2 data-start=\"2013\" data-end=\"2040\">N\u00f5usoleku v\u00f5ite igal ajal tagasi v\u00f5tta rakenduse seadete kaudu v\u00f5i meiega \u00fchendust v\u00f5ttes.<\/h2>\n<p data-start=\"2042\" data-end=\"2066\">Me t\u00f6\u00f6tleme teie andmeid j\u00e4rgmistel eesm\u00e4rkidel:<\/p>\n<ul data-start=\"2067\" data-end=\"2337\">\n<li data-start=\"2067\" data-end=\"2102\">\n<p data-start=\"2069\" data-end=\"2102\">Kasutajakontode loomine ja haldamine<\/p>\n<\/li>\n<li data-start=\"2103\" data-end=\"2148\">\n<p data-start=\"2105\" data-end=\"2148\">T\u00f6\u00f6de ja tarnete m\u00e4\u00e4ramine ja koordineerimine<\/p>\n<\/li>\n<li data-start=\"2149\" data-end=\"2212\">\n<p data-start=\"2151\" data-end=\"2212\">V\u00f5imaldab kasutajate, ettev\u00f5tete ja operaatorite vahelist suhtlust<\/p>\n<\/li>\n<li data-start=\"2213\" data-end=\"2251\">\n<p data-start=\"2215\" data-end=\"2251\">Saatke teenusega seotud teateid<\/p>\n<\/li>\n<li data-start=\"2252\" data-end=\"2294\">\n<p data-start=\"2254\" data-end=\"2294\">Rakenduse funktsionaalsuse ja turvalisuse parandamine<\/p>\n<\/li>\n<li data-start=\"2295\" data-end=\"2337\">\n<p data-start=\"2297\" data-end=\"2337\">Vastama seaduslikele ja regulatiivsetele n\u00f5uetele<\/p>\n<\/li>\n<\/ul>\n<hr data-start=\"2339\" data-end=\"2342\">\n<h2 data-start=\"2344\" data-end=\"2377\">5. Andmete jagamine ja vastuv\u00f5tjad<\/h2>\n<p data-start=\"2379\" data-end=\"2417\">Teie isikuandmeid v\u00f5idakse jagada j\u00e4rgmistega:<\/p>\n<ul data-start=\"2418\" data-end=\"2582\">\n<li data-start=\"2418\" data-end=\"2483\">\n<p data-start=\"2420\" data-end=\"2483\">T\u00f6\u00f6andjad, vedajad v\u00f5i ettev\u00f5tted, kes on seotud t\u00f6\u00f6\u00fclesannetega<\/p>\n<\/li>\n<li data-start=\"2484\" data-end=\"2544\">\n<p data-start=\"2486\" data-end=\"2544\">IT-teenuse pakkujad (majutus, teated, anal\u00fc\u00fctika)<\/p>\n<\/li>\n<li data-start=\"2545\" data-end=\"2582\">\n<p data-start=\"2547\" data-end=\"2582\">Ametiv\u00f5imud, kui see on seadusega n\u00f5utud<\/p>\n<\/li>\n<\/ul>\n<p data-start=\"2584\" data-end=\"2670\" class=\"translation-block\">K\u00f5ik saajad t\u00f6\u00f6tlevad andmeid **andmet\u00f6\u00f6tluslepingute** alusel ja j\u00e4rgivad isikuandmete kaitse \u00fcldm\u00e4\u00e4rust (GDPR).<\/p>\n<p data-start=\"2672\" data-end=\"2705\" class=\"translation-block\">Me <strong data-start=\"2675\" data-end=\"2690\">ei m\u00fc\u00fc<\/strong> isikuandmeid.<\/p>\n<hr data-start=\"2707\" data-end=\"2710\">\n<h2 data-start=\"2712\" data-end=\"2746\">6. Rahvusvaheline andmeedastus<\/h2>\n<p data-start=\"2748\" data-end=\"2864\">Kui isikuandmeid edastatakse v\u00e4ljapoole Euroopa Majanduspiirkonda (EMP), tagame asjakohased kaitsemeetmed, n\u00e4iteks:<\/p>\n<ul data-start=\"2865\" data-end=\"2937\">\n<li data-start=\"2865\" data-end=\"2900\">\n<p data-start=\"2867\" data-end=\"2900\">EL-i standardsed lepingutingimused<\/p>\n<\/li>\n<li data-start=\"2901\" data-end=\"2937\">\n<p data-start=\"2903\" data-end=\"2937\">GDPR-i poolt heaks kiidetud piisavusotsused<\/p>\n<\/li>\n<\/ul>\n<hr data-start=\"2939\" data-end=\"2942\">\n<h2 data-start=\"2944\" data-end=\"2964\">7. Andmete s\u00e4ilitamine<\/h2>\n<p data-start=\"2966\" data-end=\"3023\">S\u00e4ilitame isikuandmeid ainult nii kaua, kui see on vajalik j\u00e4rgmistel eesm\u00e4rkidel:<\/p>\n<ul data-start=\"3024\" data-end=\"3114\">\n<li data-start=\"3024\" data-end=\"3047\">\n<p data-start=\"3026\" data-end=\"3047\">Pakkuge teenust<\/p>\n<\/li>\n<li data-start=\"3048\" data-end=\"3093\">\n<p data-start=\"3050\" data-end=\"3093\">T\u00e4ita lepingulisi ja juriidilisi kohustusi<\/p>\n<\/li>\n<li data-start=\"3094\" data-end=\"3114\">\n<p data-start=\"3096\" data-end=\"3114\">Vaidluste lahendamine<\/p>\n<\/li>\n<\/ul>\n<p data-start=\"3116\" data-end=\"3180\">Kui andmeid enam vaja ei l\u00e4he, kustutatakse need turvaliselt v\u00f5i anon\u00fcmiseeritakse.<\/p>\n<hr data-start=\"3182\" data-end=\"3185\">\n<h2 data-start=\"3187\" data-end=\"3209\">8. Teie isikuandmete kaitse \u00fcldm\u00e4\u00e4ruse (GDPR) kohased \u00f5igused<\/h2>\n<p data-start=\"3211\" data-end=\"3245\">Isikuandmete kaitse \u00fcldm\u00e4\u00e4ruse (GDPR) kohaselt on teil \u00f5igus:<\/p>\n<ul data-start=\"3246\" data-end=\"3440\">\n<li data-start=\"3246\" data-end=\"3275\">\n<p data-start=\"3248\" data-end=\"3275\">Juurdep\u00e4\u00e4s oma isikuandmetele<\/p>\n<\/li>\n<li data-start=\"3276\" data-end=\"3303\">\n<p data-start=\"3278\" data-end=\"3303\">Parandage ebat\u00e4psed andmed<\/p>\n<\/li>\n<li data-start=\"3304\" data-end=\"3349\">\n<p data-start=\"3306\" data-end=\"3349\">Kustutamise taotlemine (\u201e\u00f5igus olla unustatud\u201c)<\/p>\n<\/li>\n<li data-start=\"3350\" data-end=\"3386\">\n<p data-start=\"3352\" data-end=\"3386\">T\u00f6\u00f6tlemise piiramine v\u00f5i sellele vastuv\u00e4ite esitamine<\/p>\n<\/li>\n<li data-start=\"3387\" data-end=\"3407\">\n<p data-start=\"3389\" data-end=\"3407\">Andmete teisaldatavus<\/p>\n<\/li>\n<li data-start=\"3408\" data-end=\"3440\">\n<p data-start=\"3410\" data-end=\"3440\">N\u00f5usolek igal ajal tagasi v\u00f5tta<\/p>\n<\/li>\n<\/ul>\n<p data-start=\"3442\" data-end=\"3539\" class=\"translation-block\">Teil on ka \u00f5igus esitada kaebus oma kohalikule <strong data-start=\"3503\" data-end=\"3538\">andmekaitseasutusele (DPA)<\/strong>.<\/p>\n<hr data-start=\"3541\" data-end=\"3544\">\n<h2 data-start=\"3546\" data-end=\"3565\">9. Data Security<\/h2>\n<p data-start=\"3567\" data-end=\"3641\">Rakendame asjakohaseid tehnilisi ja korralduslikke meetmeid, sealhulgas:<\/p>\n<ul data-start=\"3642\" data-end=\"3721\">\n<li data-start=\"3642\" data-end=\"3667\">\n<p data-start=\"3644\" data-end=\"3667\">Kr\u00fcptitud \u00fchendused<\/p>\n<\/li>\n<li data-start=\"3668\" data-end=\"3693\">\n<p data-start=\"3670\" data-end=\"3693\">Turvaline autentimine<\/p>\n<\/li>\n<li data-start=\"3694\" data-end=\"3721\">\n<p data-start=\"3696\" data-end=\"3721\">Piiratud juurdep\u00e4\u00e4su kontroll<\/p>\n<\/li>\n<\/ul>\n<p data-start=\"3723\" data-end=\"3778\">Vaatamata neile meetmetele pole \u00fckski s\u00fcsteem t\u00e4iesti turvaline.<\/p>\n<hr data-start=\"3780\" data-end=\"3783\">\n<h2 data-start=\"3785\" data-end=\"3807\">10. Laste andmed<\/h2>\n<p data-start=\"3809\" data-end=\"3930\" class=\"translation-block\">Locawork ei ole m\u00f5eldud alla <strong data-start=\"3856\" data-end=\"3875\">16-aastastele<\/strong> isikutele. Me ei kogu teadlikult laste isikuandmeid.<\/p>\n<hr data-start=\"3932\" data-end=\"3935\">\n<h2 data-start=\"3937\" data-end=\"3966\">11. K\u00e4esoleva poliitika muudatused<\/h2>\n<p data-start=\"3968\" data-end=\"4084\">Me v\u00f5ime seda privaatsuspoliitikat perioodiliselt uuendada. Olulistest muudatustest teavitatakse rakenduse v\u00f5i veebisaidi kaudu.<\/p>\n<hr data-start=\"4086\" data-end=\"4089\">\n<h2 data-start=\"4091\" data-end=\"4117\">12. Kontaktandmed<\/h2>\n<p data-start=\"4119\" data-end=\"4181\">Privaatsusk\u00fcsimuste v\u00f5i isikuandmete kaitse \u00fcldm\u00e4\u00e4ruse (GDPR) taotluste korral v\u00f5tke meiega \u00fchendust aadressil:<\/p>\n<p data-start=\"4183\" data-end=\"4236\"><strong data-start=\"4183\" data-end=\"4193\">E-post:<\/strong> info@locawork.ee<\/p>\t\t\t\t\t\t\t\t<\/div>\n\t\t\t\t\t<\/div>\n\t\t\t\t<\/div>\n\t\t\t\t<\/div>","protected":false},"excerpt":{"rendered":"<p>Privacy Policy (GDPR Compliant) \u2013 Locawork Last updated: 03. janaury 2026 Locawork (\u201cwe\u201d, \u201cus\u201d, \u201cour\u201d) operates the Locawork mobile application [&hellip;]<\/p>","protected":false},"author":1,"featured_media":0,"parent":0,"menu_order":0,"comment_status":"closed","ping_status":"closed","template":"","meta":{"site-sidebar-layout":"default","site-content-layout":"","ast-site-content-layout":"default","site-content-style":"default","site-sidebar-style":"default","ast-global-header-display":"","ast-banner-title-visibility":"","ast-main-header-display":"","ast-hfb-above-header-display":"","ast-hfb-below-header-display":"","ast-hfb-mobile-header-display":"","site-post-title":"","ast-breadcrumbs-content":"","ast-featured-img":"","footer-sml-layout":"","ast-disable-related-posts":"","theme-transparent-header-meta":"default","adv-header-id-meta":"","stick-header-meta":"","header-above-stick-meta":"","header-main-stick-meta":"","header-below-stick-meta":"","astra-migrate-meta-layouts":"set","ast-page-background-enabled":"default","ast-page-background-meta":{"desktop":{"background-color":"var(--ast-global-color-5)","background-image":"","background-repeat":"repeat","background-position":"center center","background-size":"auto","background-attachment":"scroll","background-type":"","background-media":"","overlay-type":"","overlay-color":"","overlay-opacity":"","overlay-gradient":""},"tablet":{"background-color":"","background-image":"","background-repeat":"repeat","background-position":"center center","background-size":"auto","background-attachment":"scroll","background-type":"","background-media":"","overlay-type":"","overlay-color":"","overlay-opacity":"","overlay-gradient":""},"mobile":{"background-color":"","background-image":"","background-repeat":"repeat","background-position":"center center","background-size":"auto","background-attachment":"scroll","background-type":"","background-media":"","overlay-type":"","overlay-color":"","overlay-opacity":"","overlay-gradient":""}},"ast-content-background-meta":{"desktop":{"background-color":"var(--ast-global-color-4)","background-image":"","background-repeat":"repeat","background-position":"center center","background-size":"auto","background-attachment":"scroll","background-type":"","background-media":"","overlay-type":"","overlay-color":"","overlay-opacity":"","overlay-gradient":""},"tablet":{"background-color":"var(--ast-global-color-4)","background-image":"","background-repeat":"repeat","background-position":"center center","background-size":"auto","background-attachment":"scroll","background-type":"","background-media":"","overlay-type":"","overlay-color":"","overlay-opacity":"","overlay-gradient":""},"mobile":{"background-color":"var(--ast-global-color-4)","background-image":"","background-repeat":"repeat","background-position":"center center","background-size":"auto","background-attachment":"scroll","background-type":"","background-media":"","overlay-type":"","overlay-color":"","overlay-opacity":"","overlay-gradient":""}},"footnotes":""},"class_list":["post-3","page","type-page","status-publish","hentry"],"_links":{"self":[{"href":"https:\/\/locawork.ee\/et\/wp-json\/wp\/v2\/pages\/3","targetHints":{"allow":["GET"]}}],"collection":[{"href":"https:\/\/locawork.ee\/et\/wp-json\/wp\/v2\/pages"}],"about":[{"href":"https:\/\/locawork.ee\/et\/wp-json\/wp\/v2\/types\/page"}],"author":[{"embeddable":true,"href":"https:\/\/locawork.ee\/et\/wp-json\/wp\/v2\/users\/1"}],"replies":[{"embeddable":true,"href":"https:\/\/locawork.ee\/et\/wp-json\/wp\/v2\/comments?post=3"}],"version-history":[{"count":5,"href":"https:\/\/locawork.ee\/et\/wp-json\/wp\/v2\/pages\/3\/revisions"}],"predecessor-version":[{"id":1236,"href":"https:\/\/locawork.ee\/et\/wp-json\/wp\/v2\/pages\/3\/revisions\/1236"}],"wp:attachment":[{"href":"https:\/\/locawork.ee\/et\/wp-json\/wp\/v2\/media?parent=3"}],"curies":[{"name":"wp","href":"https:\/\/api.w.org\/{rel}","templated":true}]}}