{"id":1311,"date":"2026-02-25T18:52:19","date_gmt":"2026-02-25T18:52:19","guid":{"rendered":"https:\/\/locawork.ee\/?page_id=1311"},"modified":"2026-02-27T10:18:16","modified_gmt":"2026-02-27T10:18:16","slug":"donate","status":"publish","type":"page","link":"https:\/\/locawork.ee\/et\/donate\/","title":{"rendered":"Anneta"},"content":{"rendered":"<div data-elementor-type=\"wp-page\" data-elementor-id=\"1311\" class=\"elementor elementor-1311\">\n\t\t\t\t<div class=\"elementor-element elementor-element-d472710 e-flex e-con-boxed e-con e-parent\" data-id=\"d472710\" data-element_type=\"container\">\n\t\t\t\t\t<div class=\"e-con-inner\">\n\t\t<div class=\"elementor-element elementor-element-95d25e1 e-con-full e-flex e-con e-child\" data-id=\"95d25e1\" data-element_type=\"container\">\n\t\t\t\t<div class=\"elementor-element elementor-element-e0ae3cc elementor-widget elementor-widget-text-editor\" data-id=\"e0ae3cc\" data-element_type=\"widget\" data-widget_type=\"text-editor.default\">\n\t\t\t\t\t\t\t\t\t<h1 data-start=\"95\" data-end=\"118\"><strong data-start=\"95\" data-end=\"118\">Toeta Locaworki \u2764\ufe0f<\/strong><\/h1><p data-start=\"120\" data-end=\"395\">Locawork loodi selleks, et muuta kohaliku t\u00f6\u00f6 ja v\u00f5imaluste leidmine k\u00f5igile lihtsamaks, kiiremaks ja k\u00e4ttesaadavamaks. Olenemata sellest, kas see aitab inimestel l\u00e4hedalasuvate t\u00f6\u00f6kohtadega \u00fchendust v\u00f5tta, toetab kohalikke ettev\u00f5tteid v\u00f5i loob tugevamaid kogukondi, on see rakendus olemas igap\u00e4evaste probleemide lahendamiseks.<\/p><h2 data-start=\"397\" data-end=\"429\">Sinu annetus toetab otseselt:<\/h2><ul data-start=\"430\" data-end=\"625\"><li data-start=\"430\" data-end=\"470\"><p data-start=\"432\" data-end=\"470\">Sinu annetus toetab otseselt:<\/p><\/li><li data-start=\"471\" data-end=\"503\"><p data-start=\"473\" data-end=\"503\">Serveri ja hoolduskulud<\/p><\/li><li data-start=\"504\" data-end=\"563\"><p data-start=\"506\" data-end=\"563\">Usaldusv\u00e4\u00e4rsuse, j\u00f5udluse ja kasutajakogemuse parandamine<\/p><\/li><li data-start=\"564\" data-end=\"625\"><p data-start=\"566\" data-end=\"625\">Locaworki ligip\u00e4\u00e4setavuse ja kogukonnale laienemise tagamine<\/p><\/li><\/ul><p data-start=\"627\" data-end=\"853\">Iga panus \u2013 suur v\u00f5i v\u00e4ike \u2013 aitab Locaworki elus hoida, paremaks muuta ja k\u00e4ttesaadavaks inimestele, kes sellest s\u00f5ltuvad. Kui Locawork on sind aidanud, inspireerinud v\u00f5i sa lihtsalt usud selle missiooni, kaalu selle teekonna toetamist.<\/p><p data-start=\"855\" data-end=\"908\">T\u00e4nan teid Locaworki kogukonna liikmeks olemise eest \ud83d\ude4f<\/p>\t\t\t\t\t\t\t\t<\/div>\n\t\t\t\t<div class=\"elementor-element elementor-element-e8b7593 elementor-widget elementor-widget-image\" data-id=\"e8b7593\" data-element_type=\"widget\" data-widget_type=\"image.default\">\n\t\t\t\t\t\t\t\t\t\t\t\t\t\t\t<img decoding=\"async\" width=\"150\" height=\"150\" src=\"https:\/\/locawork.ee\/wp-content\/uploads\/2026\/02\/QR-code-to-buy.stripe.com_-150x150.webp\" class=\"attachment-thumbnail size-thumbnail wp-image-1312\" alt=\"\" srcset=\"https:\/\/locawork.ee\/wp-content\/uploads\/2026\/02\/QR-code-to-buy.stripe.com_-150x150.webp 150w, https:\/\/locawork.ee\/wp-content\/uploads\/2026\/02\/QR-code-to-buy.stripe.com_-12x12.webp 12w, https:\/\/locawork.ee\/wp-content\/uploads\/2026\/02\/QR-code-to-buy.stripe.com_.webp 300w\" sizes=\"(max-width: 150px) 100vw, 150px\" \/>\t\t\t\t\t\t\t\t\t\t\t\t\t\t\t<\/div>\n\t\t\t\t<\/div>\n\t\t<div class=\"elementor-element elementor-element-45fffa0 e-con-full e-flex e-con e-child\" data-id=\"45fffa0\" data-element_type=\"container\">\n\t\t<div class=\"elementor-element elementor-element-7748ed4 e-con-full e-flex e-con e-child\" data-id=\"7748ed4\" data-element_type=\"container\">\n\t\t\t\t<div class=\"elementor-element elementor-element-c30504a elementor-widget elementor-widget-html\" data-id=\"c30504a\" data-element_type=\"widget\" data-widget_type=\"html.default\">\n\t\t\t\t\t<script async\r\n  src=\"https:\/\/js.stripe.com\/v3\/buy-button.js\">\r\n<\/script>\r\n\r\n<stripe-buy-button\r\n  buy-button-id=\"buy_btn_1T4nRrIgrx0ENKDzr1ziHSd3\"\r\n  publishable-key=\"pk_live_51MMv4oIgrx0ENKDz2QQJ1dEAMXWob45VuX0mxFn1tkREL7Cl3AARE5mIQYMFTPPvBZ8SiNgyKl9FaVYcqgIkaN1200N8E9GCCx\"\r\n>\r\n<\/stripe-buy-button>\r\n\r\n\t\t\t\t<\/div>\n\t\t\t\t<\/div>\n\t\t\t\t<\/div>\n\t\t\t\t\t<\/div>\n\t\t\t\t<\/div>\n\t\t\t\t<\/div>","protected":false},"excerpt":{"rendered":"<p>Support Locawork \u2764\ufe0f Locawork was built to make finding local work and opportunities easier, faster, and more accessible for everyone. [&hellip;]<\/p>","protected":false},"author":1,"featured_media":0,"parent":0,"menu_order":0,"comment_status":"closed","ping_status":"closed","template":"","meta":{"site-sidebar-layout":"no-sidebar","site-content-layout":"","ast-site-content-layout":"full-width-container","site-content-style":"default","site-sidebar-style":"default","ast-global-header-display":"","ast-banner-title-visibility":"","ast-main-header-display":"","ast-hfb-above-header-display":"","ast-hfb-below-header-display":"","ast-hfb-mobile-header-display":"","site-post-title":"","ast-breadcrumbs-content":"","ast-featured-img":"disabled","footer-sml-layout":"","ast-disable-related-posts":"","theme-transparent-header-meta":"","adv-header-id-meta":"","stick-header-meta":"","header-above-stick-meta":"","header-main-stick-meta":"","header-below-stick-meta":"","astra-migrate-meta-layouts":"default","ast-page-background-enabled":"default","ast-page-background-meta":{"desktop":{"background-color":"var(--ast-global-color-5)","background-image":"","background-repeat":"repeat","background-position":"center center","background-size":"auto","background-attachment":"scroll","background-type":"","background-media":"","overlay-type":"","overlay-color":"","overlay-opacity":"","overlay-gradient":""},"tablet":{"background-color":"","background-image":"","background-repeat":"repeat","background-position":"center center","background-size":"auto","background-attachment":"scroll","background-type":"","background-media":"","overlay-type":"","overlay-color":"","overlay-opacity":"","overlay-gradient":""},"mobile":{"background-color":"","background-image":"","background-repeat":"repeat","background-position":"center center","background-size":"auto","background-attachment":"scroll","background-type":"","background-media":"","overlay-type":"","overlay-color":"","overlay-opacity":"","overlay-gradient":""}},"ast-content-background-meta":{"desktop":{"background-color":"var(--ast-global-color-4)","background-image":"","background-repeat":"repeat","background-position":"center center","background-size":"auto","background-attachment":"scroll","background-type":"","background-media":"","overlay-type":"","overlay-color":"","overlay-opacity":"","overlay-gradient":""},"tablet":{"background-color":"var(--ast-global-color-4)","background-image":"","background-repeat":"repeat","background-position":"center center","background-size":"auto","background-attachment":"scroll","background-type":"","background-media":"","overlay-type":"","overlay-color":"","overlay-opacity":"","overlay-gradient":""},"mobile":{"background-color":"var(--ast-global-color-4)","background-image":"","background-repeat":"repeat","background-position":"center center","background-size":"auto","background-attachment":"scroll","background-type":"","background-media":"","overlay-type":"","overlay-color":"","overlay-opacity":"","overlay-gradient":""}},"footnotes":""},"class_list":["post-1311","page","type-page","status-publish","hentry"],"_links":{"self":[{"href":"https:\/\/locawork.ee\/et\/wp-json\/wp\/v2\/pages\/1311","targetHints":{"allow":["GET"]}}],"collection":[{"href":"https:\/\/locawork.ee\/et\/wp-json\/wp\/v2\/pages"}],"about":[{"href":"https:\/\/locawork.ee\/et\/wp-json\/wp\/v2\/types\/page"}],"author":[{"embeddable":true,"href":"https:\/\/locawork.ee\/et\/wp-json\/wp\/v2\/users\/1"}],"replies":[{"embeddable":true,"href":"https:\/\/locawork.ee\/et\/wp-json\/wp\/v2\/comments?post=1311"}],"version-history":[{"count":5,"href":"https:\/\/locawork.ee\/et\/wp-json\/wp\/v2\/pages\/1311\/revisions"}],"predecessor-version":[{"id":1339,"href":"https:\/\/locawork.ee\/et\/wp-json\/wp\/v2\/pages\/1311\/revisions\/1339"}],"wp:attachment":[{"href":"https:\/\/locawork.ee\/et\/wp-json\/wp\/v2\/media?parent=1311"}],"curies":[{"name":"wp","href":"https:\/\/api.w.org\/{rel}","templated":true}]}}